{"id":171,"date":"2021-04-15T10:41:53","date_gmt":"2021-04-15T10:41:53","guid":{"rendered":"http:\/\/www.zupbc.pl\/?page_id=171"},"modified":"2024-04-04T13:25:39","modified_gmt":"2024-04-04T12:25:39","slug":"polityka-prywatnosci","status":"publish","type":"page","link":"https:\/\/zup-bc.pl\/index.php\/polityka-prywatnosci\/","title":{"rendered":"POLITYKA PRYWATNO\u015aCI"},"content":{"rendered":"\n<p>I. PODSTAWOWE POJ\u0118CIA Administrator \u2013 Zak\u0142ad Us\u0142ugowo-Produkcyjny Bogus\u0142aw CZERWI\u0143SKI &#8211; Nowy S\u0105cz, ul.Kr\u00f3lowej Jadwigi 34, NIP:734-00-36-354 adres e-mail: <strong><a href=\"mailto:biuro@zup-bc.pl\" target=\"_blank\" rel=\"noreferrer noopener\">biuro@zup-bc.pl<\/a><\/strong> <\/p>\n\n\n\n<p>U\u017cytkownik \u2013 ka\u017cda osoba fizyczna, kt\u00f3rej dane osobowe s\u0105 przetwarzane przez Administratora,<\/p>\n\n\n\n<p>Dane osobowe \u2013 wszystkie informacje o osobie fizycznej zidentyfikowanej lub mo\u017cliwej do zidentyfikowania poprzez jeden b\u0105d\u017a kilka szczeg\u00f3lnych czynnik\u00f3w okre\u015blaj\u0105cych fizyczn\u0105, fizjologiczn\u0105, genetyczn\u0105, psychiczn\u0105, ekonomiczn\u0105, kulturow\u0105 lub spo\u0142eczn\u0105 to\u017csamo\u015b\u0107, a tak\u017ce IP urz\u0105dzenia, dane o lokalizacji, identyfikator internetowy oraz informacje gromadzone za po\u015brednictwem plik\u00f3w cookies oraz innej podobnej technologii.<\/p>\n\n\n\n<p>RODO \u2013 Rozporz\u0105dzenie Parlamentu Europejskiego i Rady (UE) 2016\/679 z dnia 27 kwietnia 2016 r. w sprawie ochrony os\u00f3b fizycznych w zwi\u0105zku z przetwarzaniem danych osobowych i w sprawie swobodnego przep\u0142ywu takich danych oraz uchylenia dyrektywy 95\/46\/WE.<\/p>\n\n\n\n<p>Serwis \u2013 rozwi\u0105zanie informatyczne znajduj\u0105ce si\u0119 pod adresem internetowym https:\/\/causa-lublin.pl na kt\u00f3re sk\u0142ada si\u0119 m.in. kompleks us\u0142ug \u015bwiadczonych drog\u0105 elektroniczn\u0105 na rzecz U\u017cytkownik\u00f3w.<\/p>\n\n\n\n<p>Przetwarzanie danych osobowych \u2013 jakiekolwiek operacje wykonywane na danych osobowych, takie jak zbieranie, utrwalanie, przechowywanie, opracowywanie, zmienianie, udost\u0119pnianie i usuwanie, a zw\u0142aszcza te, kt\u00f3re wykonuje si\u0119 w systemach informatycznych;<\/p>\n\n\n\n<p>Naruszenie ochrony danych osobowych \u2013 naruszenie bezpiecze\u0144stwa prowadz\u0105ce do przypadkowego lub niezgodnego z prawem zniszczenia, utraty, zmodyfikowania, nieuprawnionego ujawnienia lub nieuprawnionego dost\u0119pu do danych osobowych przesy\u0142anych, przechowywanych lub w inny spos\u00f3b przetwarzanych;<\/p>\n\n\n\n<p>II. PRZETWARZANIE DANYCH OSOBOWYCH ORAZ INFORMACJE O FORMULARZACH<\/p>\n\n\n\n<p>1. Dane osobowe U\u017cytkownik\u00f3w Serwisu mog\u0105 by\u0107 przetwarzane przez Administratora danych w przypadku: <br>a) gdy U\u017cytkownik Serwisu wyrazi na to zgod\u0119 w zamieszczonych w Serwisie formularzach, w celu podj\u0119cia dzia\u0142a\u0144, kt\u00f3rych formularze te dotycz\u0105 (art. 6 ust. 1 lit. a RODO), <br>b) gdy przetwarzanie jest niezb\u0119dne do wykonania umowy, kt\u00f3rej stron\u0105 jest U\u017cytkownik Serwisu (art. 6 ust. l lit. b RODO), <br>c) w celu obs\u0142ugi reklamacji \u2013 podstaw\u0105 prawn\u0105 przetwarzania jest niezb\u0119dno\u015b\u0107 przetwarzania do wykonania umowy (art. 6 ust. 1 lit. b RODO); <br>d) w celu wype\u0142nienia obowi\u0105zku prawnego ci\u0105\u017c\u0105cego na Administratorze (art. 6 ust. 1 lit. c), <br>e) w celu ewentualnego ustalenia i dochodzenia roszcze\u0144 lub obrony przed nimi \u2013 podstaw\u0105 prawn\u0105 przetwarzania jest uzasadniony interes Administratora polegaj\u0105cy na ochronie jego praw (art. 6 ust. 1 lit. f RODO). <br>f) w celach marketingowych Administratora, polegaj\u0105cych na informowaniu U\u017cytkownika o aktualnej ofercie i nowych funkcjonalno\u015bciach Serwisu \u2013 podstaw\u0105 prawn\u0105 przetwarzania jest zgoda (art. 6 ust. 1 lit a RODO), <\/p>\n\n\n\n<p>2.Administrator przetwarza dane osobowe U\u017cytkownik\u00f3w Serwisu w zakresie niezb\u0119dnym dla cel\u00f3w okre\u015blonych w punkcie 1 powy\u017cej i przez okres niezb\u0119dny do realizacji tych cel\u00f3w, lub do momentu cofni\u0119cia zgody przez U\u017cytkownika Serwisu. Brak podania danych przez U\u017cytkownika Serwisu mo\u017ce w niekt\u00f3rych sytuacjach skutkowa\u0107 niemo\u017cno\u015bci\u0105 realizacji cel\u00f3w, dla kt\u00f3rych podanie danych jest niezb\u0119dne. <br>3. Administrator mo\u017ce wysy\u0142a\u0107 listy elektroniczne o charakterze komercyjnym, o ile U\u017cytkownik Serwisu wyrazi\u0142 na to zgod\u0119. <br>4. Administrator stosuje \u015brodki techniczne i organizacyjne zapewniaj\u0105ce ochron\u0119 przetwarzanych danych osobowych.<br>5. Przy pomocy formularzy zamieszczonych w Serwisie lub w celu wykonywania um\u00f3w mo\u017cliwych do zawarcia w ramach Serwisu mog\u0105 by\u0107 zbierane nast\u0119puj\u0105ce dane osobowe U\u017cytkownika Serwisu: imi\u0119, nazwisko, adres poczty elektronicznej, numer telefonu. <br>6. Dane zawarte w formularzach, przekazane Administratorowi przez U\u017cytkownika Serwisu, mog\u0105 by\u0107 przez Administratora przekazywane podmiotom trzecim, wsp\u00f3\u0142pracuj\u0105cym z Administratorem w zwi\u0105zku z realizacj\u0105 przez niego cel\u00f3w okre\u015blonych w punkcie 1. <br>7. Podmiot trzeci maj\u0105cy dost\u0119p do danych osobowych przetwarza je wy\u0142\u0105cznie na podstawie umowy powierzenia przetwarzania danych osobowych i wy\u0142\u0105cznie na polecenie Administratora. <br>8. Dane podane w formularzach zamieszczonych w Serwisie s\u0105 przetwarzane w celach wynikaj\u0105cych z funkcji konkretnego formularza, ponadto mog\u0105 by\u0107 one wykorzystywane przez Administratora tak\u017ce w celach archiwalnych i statystycznych. Zgoda osoby, kt\u00f3rej dane dotycz\u0105, wyra\u017cana jest poprzez odznaczenie odpowiedniego okna w formularzu. <br>9.U\u017cytkownik Serwisu, w przypadku, gdy Serwis to przewiduje, poprzez zaznaczenie odpowiedniego okna w formularzu rejestracyjnym, mo\u017ce odm\u00f3wi\u0107 lub wyrazi\u0107 zgod\u0119 na otrzymywanie informacji handlowej za pomoc\u0105 \u015brodk\u00f3w komunikacji elektronicznej, zgodnie z ustaw\u0105 z dnia 18 lipca 2002 r. o \u015bwiadczeniu us\u0142ug drog\u0105 elektroniczn\u0105 (Dz. U. z 2002 r., Nr 144, poz. 1024 ze zm.). W przypadku, gdy U\u017cytkownik Serwisu wyrazi\u0142 zgod\u0119 na otrzymywanie informacji handlowej za pomoc\u0105 \u015brodk\u00f3w komunikacji elektronicznej, ma on prawo odwo\u0142ania takiej zgody w ka\u017cdym czasie. Skorzystanie z prawa odwo\u0142ania zgody na otrzymywanie informacji handlowej jest realizowane poprzez wys\u0142anie poczt\u0105 elektroniczn\u0105 na adres Administratora stosownego \u017c\u0105dania, w szczeg\u00f3lno\u015bci poprzez klikni\u0119cie w link dezaktywacyjny znajduj\u0105cy si\u0119 w ka\u017cdej wiadomo\u015bci e-mail wys\u0142anej do U\u017cytkownika w ramach tej us\u0142ugi. <br>10. Administrator przetwarza dane osobowe U\u017cytkownik\u00f3w odwiedzaj\u0105cych profile Administratora prowadzone w mediach spo\u0142eczno\u015bciowych ( Facebook, Instagram, YouTube, Twitter, Google+, Linkedin). Dane te s\u0105 przetwarzane w celu informowania U\u017cytkownik\u00f3w o aktywno\u015bci Administratora, oferowaniu us\u0142ug, a tak\u017ce w celu komunikacji z U\u017cytkownikami za po\u015brednictwem narz\u0119dzi dost\u0119pnych w mediach spo\u0142eczno\u015bciowych. Podstaw\u0105 prawn\u0105 przetwarzania danych osobowych w tym celu jest uzasadniony interes Administratora (art. 6 ust. 1 lit. f RODO) polegaj\u0105cy na promowaniu w\u0142asnej marki i oferowanych us\u0142ug oraz budowaniu i utrzymaniu spo\u0142eczno\u015bci zwi\u0105zanej z mark\u0105. <br>11. W ramach Serwisu Administrator mo\u017ce automatycznie dopasowywa\u0107 pewne tre\u015bci do potrzeb U\u017cytkownika, tj. dokonywa\u0107 profilowania, wykorzystuj\u0105c do tego podane przez niego dane osobowe. Profilowanie to polega przede wszystkim na automatycznej ocenie, jakimi produktami mo\u017ce by\u0107 on zainteresowany, na podstawie jego dotychczasowych dzia\u0142a\u0144 podejmowanych w Internecie, w tym w ramach stron internetowych Administratora i na wy\u015bwietlaniu profilowanych w ten spos\u00f3b reklam produkt\u00f3w. Profilowanie, dokonywane przez Administratora nie skutkuje podejmowaniem decyzji wywo\u0142uj\u0105cych wobec U\u017cytkownika skutk\u00f3w prawnych lub wp\u0142ywaj\u0105cych na niego w podobnie istotny spos\u00f3b.<\/p>\n\n\n\n<p>III. PRAWA U\u017bYTKOWNIK\u00d3W<br>Zgodnie z art. 15 \u2013 22 RODO ka\u017cdemu, czyje dane s\u0105 przetwarzane, przys\u0142uguj\u0105 nast\u0119puj\u0105ce prawa:<br><\/p>\n\n\n\n<p>a) prawo do informacji o przetwarzaniu danych osobowych \u2013 osobie zg\u0142aszaj\u0105cej takie \u017c\u0105danie Administrator przekazuje informacj\u0119 o przetwarzaniu danych osobowych, o celach i podstawach prawnych przetwarzania, zakresie posiadanych danych, podmiotach, kt\u00f3rym dane osobowe s\u0105 ujawniane i planowanym terminie ich usuni\u0119cia; <br>b) prawo uzyskania kopii danych \u2013 Administrator przekazuje kopi\u0119 przetwarzanych danych, dotycz\u0105cych osoby zg\u0142aszaj\u0105cej \u017c\u0105danie o ile jest to mo\u017cliwe i nie narusza praw os\u00f3b trzecich; <br>c) prawo do sprostowania \u2013 Uczestnik ma prawo zg\u0142osi\u0107 wniosek o usuniecie niezgodno\u015bci lub b\u0142\u0119d\u00f3w dotycz\u0105cych przetwarzanych danych osobowych, oraz uzupe\u0142nienia ich lub aktualizacji, je\u015bli s\u0105 niekompletne lub uleg\u0142y zmianie; <br>d) prawo do usuni\u0119cia danych \u2013 U\u017cytkownik mo\u017ce \u017c\u0105da\u0107 usuni\u0119cia danych, kt\u00f3rych przetwarzanie nie jest ju\u017c niezb\u0119dne do realizowania \u017cadnego z cel\u00f3w, dla kt\u00f3rych zosta\u0142y zebrane; <br>e) prawo do ograniczenia przetwarzania \u2013 na tej podstawie Administrator mo\u017ce zaprzesta\u0107 dokonywania operacji na danych osobowych, z wyj\u0105tkiem operacji, na kt\u00f3re wyrazi\u0142a zgod\u0119 osoba, kt\u00f3rej dane dotycz\u0105 oraz ich przechowywania, zgodnie z przyj\u0119tymi zasadami retencji, lub dop\u00f3ki nie ustan\u0105 przyczyny ograniczenia przetwarzania danych (np. zostanie wydana decyzji organu nadzorczego, zezwalaj\u0105ca na dalsze przetwarzanie danych); <br>f) prawo do przenoszenia danych \u2013 na tej podstawie, w zakresie w jakim dane s\u0105 przetwarzane w zwi\u0105zku z zawart\u0105 umow\u0105 lub wyra\u017con\u0105 zgod\u0105, Administrator mo\u017ce wyda\u0107 dane dostarczone przez osob\u0119, kt\u00f3rej one dotycz\u0105; <br>g) prawo sprzeciwu wobec przetwarzania danych w celach marketingowych \u2013 osoba kt\u00f3rej dane dotycz\u0105, mo\u017ce w ka\u017cdym czasie sprzeciwi\u0107 si\u0119 przetwarzaniu danych osobowych w celach marketingowych, bez konieczno\u015bci uzasadnienia takiego sprzeciwu; <br>h) prawo sprzeciwu wobec innych cel\u00f3w przetwarzania danych \u2013 osoba, kt\u00f3rej dane dotycz\u0105, mo\u017ce w ka\u017cdym czasie sprzeciwi\u0107 si\u0119 przetwarzaniu danych osobowych. Sprzeciw w tym zakresie powinien zawiera\u0107 uzasadnienie oraz podlega ocenie Administratora; <br>i) prawo wycofania zgody \u2013 je\u015bli dane przetwarzane s\u0105 na podstawie zgody osoba, kt\u00f3rej dane dotycz\u0105, ma prawo j\u0105 wycofa\u0107 w dowolnym momencie, co jednak nie wp\u0142ywa na zgodno\u015b\u0107 z prawem przetwarzania dokonanego przed wycofaniem tej zgody;<br> j) prawo do skargi \u2013 w przypadku uznania, \u017ce przetwarzanie danych osobowych narusza przepisy RODO lub inne przepisy dotycz\u0105ce ochrony danych osobowych, osoba, kt\u00f3rej dane dotycz\u0105, mo\u017ce z\u0142o\u017cy\u0107 skarg\u0119 do organu nadzorczego \u2013 Prezesa Urz\u0119du Ochrony Danych Osobowych (https:\/\/uodo.gov.pl\/pl\/p\/kontakt ).<\/p>\n\n\n\n<p>Wniosek dotycz\u0105cy realizacji praw podmiot\u00f3w danych, mo\u017cna z\u0142o\u017cy\u0107:<br>a) drog\u0105 e-mailow\u0105 na adres: biuro@zup-bc.pl<\/p>\n\n\n\n<p>3. Odpowied\u017a na zg\u0142oszenia zostanie udzielona w ci\u0105gu miesi\u0105ca od jego otrzymania. W razie konieczno\u015bci przed\u0142u\u017cenia tego terminu, Administrator poinformuje wnioskodawc\u0119 o przyczynach takiego przed\u0142u\u017cenia. <br>4. Odpowied\u017a b\u0119dzie udzielana na adres e-mail z kt\u00f3rego przes\u0142ano wniosek, a w przypadku wniosk\u00f3w skierowanych listownie, listem poleconym na adres wskazany przez wnioskodawc\u0119, o ile z tre\u015bci listu nie b\u0119dzie wynika\u0142a ch\u0119\u0107 otrzymania informacji zwrotnej na adres e-mail (w takim przypadku nale\u017cy poda\u0107 adres e-mail).<\/p>\n\n\n\n<p>IV. PLIKI COOKIES ORAZ PODOBNA TECHNOLOGIA<br><\/p>\n\n\n\n<p>1.Serwis korzysta z plik\u00f3w cookies. <br>2. Pliki cookies (tzw. \u201eciasteczka\u201d) stanowi\u0105 dane informatyczne, w szczeg\u00f3lno\u015bci pliki tekstowe, kt\u00f3re przechowywane s\u0105 w urz\u0105dzeniu ko\u0144cowym U\u017cytkownika Serwisu i przeznaczone s\u0105 do korzystania ze stron internetowych Serwisu. Cookies zazwyczaj zawieraj\u0105 nazw\u0119 strony internetowej, z kt\u00f3rej pochodz\u0105, czas przechowywania ich na urz\u0105dzeniu ko\u0144cowym oraz unikalny numer. <br>3. Pliki cookies wykorzystywane s\u0105 m.in. w celach: <br>a) tworzenia statystyk, kt\u00f3re pomagaj\u0105 zrozumie\u0107, w jaki spos\u00f3b U\u017cytkownicy Serwisu korzystaj\u0105 ze stron internetowych; <br>b) utrzymanie sesji u\u017cytkownika Serwisu dzi\u0119ki kt\u00f3rej U\u017cytkownik nie musi na ka\u017cdej podstronie serwisu ponownie wpisywa\u0107 loginu i has\u0142a; <br>c) okre\u015blania profilu u\u017cytkownika w celu wy\u015bwietlania mu dopasowanych materia\u0142\u00f3w w sieciach reklamowych, w szczeg\u00f3lno\u015bci sieci Google. <br>4. W ramach Serwisu stosowane s\u0105 dwa zasadnicze rodzaje plik\u00f3w cookies: \u201esesyjne (session cookies) oraz \u201esta\u0142e\u201d (persistent cookies). Cookies \u201esesyjne\u201d s\u0105 plikami tymczasowymi, kt\u00f3re przechowywane s\u0105 w urz\u0105dzeniu ko\u0144cowym U\u017cytkownika do czasu wylogowania, opuszczenia strony internetowej lub wy\u0142\u0105czenia oprogramowania (przegl\u0105darki internetowej). \u201eSta\u0142e\u201d pliki cookies przechowywane s\u0105 w urz\u0105dzeniu ko\u0144cowym U\u017cytkownika przez czas okre\u015blony w parametrach plik\u00f3w cookies lub do czasu ich usuni\u0119cia przez U\u017cytkownika.<br>5.Oprogramowanie do przegl\u0105dania stron internetowych (przegl\u0105darka internetowa) zazwyczaj domy\u015blnie dopuszcza przechowywanie plik\u00f3w cookies w urz\u0105dzeniu ko\u0144cowym U\u017cytkownika. U\u017cytkownicy Serwisu mog\u0105 dokona\u0107 zmiany ustawie\u0144 w tym zakresie. Przegl\u0105darka internetowa umo\u017cliwia usuni\u0119cie plik\u00f3w cookies. Mo\u017cliwe jest tak\u017ce automatyczne blokowanie plik\u00f3w cookies Szczeg\u00f3\u0142owe informacje na ten temat zawiera pomoc lub dokumentacja przegl\u0105darki internetowej. <br>6. Administrator korzysta z us\u0142ug podmiot\u00f3w trzecich, kt\u00f3rych lista stale zmienia si\u0119, a kt\u00f3re mog\u0105 wykorzystywa\u0107 pliki cookies m.in. w nast\u0119puj\u0105cych celach:<br>-monitorowanie ruchu na stronach internetowych Administratora;<br>-zbieranie anonimowych, zbiorczych statystyk, kt\u00f3re pozwalaj\u0105 zrozumie\u0107, w jaki spos\u00f3b U\u017cytkownicy korzystaj\u0105 ze strony internetowej Administratora,<br>-kontrolowanie jak cz\u0119sto pokazywana jest u\u017cytkownikom wybrana tre\u015b\u0107;<br>-kontrolowanie jak cz\u0119sto u\u017cytkownicy wybieraj\u0105 dan\u0105 us\u0142ug\u0119;<br>-badanie zapis\u00f3w na newslettery;<br>-wykorzystanie narz\u0119dzia do komunikacji;<br>-integracja z portalem spo\u0142eczno\u015bciom;<br>-p\u0142atno\u015bci internetowe.<br>8.U\u017cytkownik mo\u017ce zarz\u0105dza\u0107 plikami cookies wykorzystywanymi przez Administratora lub przez jakichkolwiek innych zewn\u0119trznych dostawc\u00f3w, zmieniaj\u0105c ustawienia swojej przegl\u0105darki internetowej.<br>V. LOGI SERWERA<br><\/p>\n\n\n\n<p>1. Korzystanie ze strony wi\u0105\u017ce si\u0119 z przesy\u0142aniem zapyta\u0144 do serwera, na kt\u00f3rym przechowywana jest strona. Ka\u017cde zapytanie skierowane do serwera zapisywane jest w logach serwera. <br>2. Logi obejmuj\u0105 m.in. adres IP U\u017cytkownika, dat\u0119 i czas serwera, informacje o przegl\u0105darce internetowej i systemie operacyjnym z jakiego korzysta. Logi zapisywane i przechowywane s\u0105 na serwerze. <br>3.Dane zapisane w logach serwera nie s\u0105 kojarzone z konkretnymi osobami korzystaj\u0105cymi ze strony i nie s\u0105 wykorzystywane przez Administratora w celu identyfikacji U\u017cytkownika. <br>4. Logi serwera stanowi\u0105 wy\u0142\u0105cznie materia\u0142 pomocniczy s\u0142u\u017c\u0105cy do administrowania stron\u0105, a ich zawarto\u015b\u0107 nie jest ujawniana nikomu poza osobami upowa\u017cnionymi do administrowania serwerem.<br>V. POSTANOWIENIA KO\u0143COWE.<br><\/p>\n\n\n\n<p>1.Polityka prywatno\u015bci jest na bie\u017c\u0105co weryfikowana i w razie potrzeby aktualizowana. <br>2.Polityka prywatno\u015bci obowi\u0105zuje od dnia 01.01.2021 r.<\/p>\n\n\n\n<p><\/p>\n","protected":false},"excerpt":{"rendered":"<p>I. PODSTAWOWE POJ\u0118CIA Administrator \u2013 Zak\u0142ad Us\u0142ugowo-Produkcyjny Bogus\u0142aw CZERWI\u0143SKI &#8211; Nowy S\u0105cz, ul.Kr\u00f3lowej Jadwigi 34, NIP:734-00-36-354 adres e-mail: biuro@zup-bc.pl U\u017cytkownik \u2013 ka\u017cda osoba fizyczna, kt\u00f3rej dane osobowe s\u0105 przetwarzane przez Administratora, Dane osobowe \u2013 wszystkie informacje o osobie fizycznej zidentyfikowanej lub mo\u017cliwej do zidentyfikowania poprzez jeden b\u0105d\u017a kilka szczeg\u00f3lnych czynnik\u00f3w okre\u015blaj\u0105cych fizyczn\u0105, fizjologiczn\u0105, genetyczn\u0105, psychiczn\u0105,&hellip;&nbsp;<a href=\"https:\/\/zup-bc.pl\/index.php\/polityka-prywatnosci\/\" class=\"\" rel=\"bookmark\">Czytaj wi\u0119cej &raquo;<span class=\"screen-reader-text\">POLITYKA PRYWATNO\u015aCI<\/span><\/a><\/p>\n","protected":false},"author":1,"featured_media":0,"parent":0,"menu_order":0,"comment_status":"closed","ping_status":"closed","template":"","meta":{"neve_meta_sidebar":"full-width","neve_meta_container":"","neve_meta_enable_content_width":"on","neve_meta_content_width":100,"neve_meta_title_alignment":"","neve_meta_author_avatar":"","neve_post_elements_order":"","neve_meta_disable_header":"","neve_meta_disable_footer":"","neve_meta_disable_title":"","_ti_tpc_template_sync":false,"_ti_tpc_template_id":""},"yoast_head":"<!-- This site is optimized with the Yoast SEO plugin v16.1.1 - https:\/\/yoast.com\/wordpress\/plugins\/seo\/ -->\n<title>POLITYKA PRYWATNO\u015aCI - ZU-P Bogus\u0142aw CZERWI\u0143SKI<\/title>\n<link rel=\"canonical\" href=\"https:\/\/zup-bc.pl\/index.php\/polityka-prywatnosci\/\" \/>\n<meta property=\"og:locale\" content=\"pl_PL\" \/>\n<meta property=\"og:type\" content=\"article\" \/>\n<meta property=\"og:title\" content=\"POLITYKA PRYWATNO\u015aCI - ZU-P Bogus\u0142aw CZERWI\u0143SKI\" \/>\n<meta property=\"og:description\" content=\"I. PODSTAWOWE POJ\u0118CIA Administrator \u2013 Zak\u0142ad Us\u0142ugowo-Produkcyjny Bogus\u0142aw CZERWI\u0143SKI &#8211; Nowy S\u0105cz, ul.Kr\u00f3lowej Jadwigi 34, NIP:734-00-36-354 adres e-mail: biuro@zup-bc.pl U\u017cytkownik \u2013 ka\u017cda osoba fizyczna, kt\u00f3rej dane osobowe s\u0105 przetwarzane przez Administratora, Dane osobowe \u2013 wszystkie informacje o osobie fizycznej zidentyfikowanej lub mo\u017cliwej do zidentyfikowania poprzez jeden b\u0105d\u017a kilka szczeg\u00f3lnych czynnik\u00f3w okre\u015blaj\u0105cych fizyczn\u0105, fizjologiczn\u0105, genetyczn\u0105, psychiczn\u0105,&hellip;&nbsp;Czytaj wi\u0119cej &raquo;POLITYKA PRYWATNO\u015aCI\" \/>\n<meta property=\"og:url\" content=\"https:\/\/zup-bc.pl\/index.php\/polityka-prywatnosci\/\" \/>\n<meta property=\"og:site_name\" content=\"ZU-P Bogus\u0142aw CZERWI\u0143SKI\" \/>\n<meta property=\"article:modified_time\" content=\"2024-04-04T12:25:39+00:00\" \/>\n<meta name=\"twitter:card\" content=\"summary_large_image\" \/>\n<meta name=\"twitter:label1\" content=\"Szacowany czas czytania\">\n\t<meta name=\"twitter:data1\" content=\"8 minut\">\n<script type=\"application\/ld+json\" class=\"yoast-schema-graph\">{\"@context\":\"https:\/\/schema.org\",\"@graph\":[{\"@type\":\"WebSite\",\"@id\":\"https:\/\/zup-bc.pl\/#website\",\"url\":\"https:\/\/zup-bc.pl\/\",\"name\":\"Zak\\u0142ad Us\\u0142ugowo-Produkcyjny Bogus\\u0142aw CZERWI\\u0143SKI - Nowy S\\u0105cz\",\"description\":\"instalacje elektryczne, systemy automatyki,  zabezpieczenia p.po\\u017c., systemy bezpiecze\\u0144stwa i nadzoru, telewizja  przemys\\u0142owa, inteligentne budynki,  sygnalizacja \\u015bwietlna-ZUP Bogus\\u0142aw Czerwi\\u0144ski Nowy S\\u0105cz\",\"potentialAction\":[{\"@type\":\"SearchAction\",\"target\":\"https:\/\/zup-bc.pl\/?s={search_term_string}\",\"query-input\":\"required name=search_term_string\"}],\"inLanguage\":\"pl-PL\"},{\"@type\":\"WebPage\",\"@id\":\"https:\/\/zup-bc.pl\/index.php\/polityka-prywatnosci\/#webpage\",\"url\":\"https:\/\/zup-bc.pl\/index.php\/polityka-prywatnosci\/\",\"name\":\"POLITYKA PRYWATNO\\u015aCI - ZU-P Bogus\\u0142aw CZERWI\\u0143SKI\",\"isPartOf\":{\"@id\":\"https:\/\/zup-bc.pl\/#website\"},\"datePublished\":\"2021-04-15T10:41:53+00:00\",\"dateModified\":\"2024-04-04T12:25:39+00:00\",\"breadcrumb\":{\"@id\":\"https:\/\/zup-bc.pl\/index.php\/polityka-prywatnosci\/#breadcrumb\"},\"inLanguage\":\"pl-PL\",\"potentialAction\":[{\"@type\":\"ReadAction\",\"target\":[\"https:\/\/zup-bc.pl\/index.php\/polityka-prywatnosci\/\"]}]},{\"@type\":\"BreadcrumbList\",\"@id\":\"https:\/\/zup-bc.pl\/index.php\/polityka-prywatnosci\/#breadcrumb\",\"itemListElement\":[{\"@type\":\"ListItem\",\"position\":1,\"item\":{\"@type\":\"WebPage\",\"@id\":\"https:\/\/zup-bc.pl\/\",\"url\":\"https:\/\/zup-bc.pl\/\",\"name\":\"Strona g\\u0142\\u00f3wna\"}},{\"@type\":\"ListItem\",\"position\":2,\"item\":{\"@type\":\"WebPage\",\"@id\":\"https:\/\/zup-bc.pl\/index.php\/polityka-prywatnosci\/\",\"url\":\"https:\/\/zup-bc.pl\/index.php\/polityka-prywatnosci\/\",\"name\":\"POLITYKA PRYWATNO\\u015aCI\"}}]}]}<\/script>\n<!-- \/ Yoast SEO plugin. -->","_links":{"self":[{"href":"https:\/\/zup-bc.pl\/index.php\/wp-json\/wp\/v2\/pages\/171"}],"collection":[{"href":"https:\/\/zup-bc.pl\/index.php\/wp-json\/wp\/v2\/pages"}],"about":[{"href":"https:\/\/zup-bc.pl\/index.php\/wp-json\/wp\/v2\/types\/page"}],"author":[{"embeddable":true,"href":"https:\/\/zup-bc.pl\/index.php\/wp-json\/wp\/v2\/users\/1"}],"replies":[{"embeddable":true,"href":"https:\/\/zup-bc.pl\/index.php\/wp-json\/wp\/v2\/comments?post=171"}],"version-history":[{"count":2,"href":"https:\/\/zup-bc.pl\/index.php\/wp-json\/wp\/v2\/pages\/171\/revisions"}],"predecessor-version":[{"id":206,"href":"https:\/\/zup-bc.pl\/index.php\/wp-json\/wp\/v2\/pages\/171\/revisions\/206"}],"wp:attachment":[{"href":"https:\/\/zup-bc.pl\/index.php\/wp-json\/wp\/v2\/media?parent=171"}],"curies":[{"name":"wp","href":"https:\/\/api.w.org\/{rel}","templated":true}]}}